{"id":270,"date":"2025-04-01T13:37:36","date_gmt":"2025-04-01T11:37:36","guid":{"rendered":"http:\/\/www.chalet49.com\/?page_id=270"},"modified":"2025-04-03T07:58:07","modified_gmt":"2025-04-03T05:58:07","slug":"impressum","status":"publish","type":"page","link":"https:\/\/www.chalet49.com\/?page_id=270","title":{"rendered":"Impressum"},"content":{"rendered":"<p>[et_pb_section fb_built=&#8220;1&#8243; _builder_version=&#8220;4.27.4&#8243; _module_preset=&#8220;default&#8220; global_colors_info=&#8220;{}&#8220;][et_pb_row _builder_version=&#8220;4.27.4&#8243; _module_preset=&#8220;default&#8220; global_colors_info=&#8220;{}&#8220;][et_pb_column type=&#8220;4_4&#8243; _builder_version=&#8220;4.27.4&#8243; _module_preset=&#8220;default&#8220; global_colors_info=&#8220;{}&#8220;][et_pb_text _builder_version=&#8220;4.27.4&#8243; _module_preset=&#8220;default&#8220; global_colors_info=&#8220;{}&#8220;]<\/p>\n<div data-uid=\"197\" data-linkbtn=\"0\" class=\"bhText bhElement\">\n<div class=\"bhElementInner\">\n<div class=\"bhTextInner\">\n<div class=\"bh-bodytext\">\n<h1 style=\"text-align: center;\"><strong>Impressum<\/strong><strong><\/strong><\/h1>\n<\/div>\n<\/div>\n<\/div>\n<\/div>\n<p>[\/et_pb_text][\/et_pb_column][\/et_pb_row][et_pb_row _builder_version=&#8220;4.27.4&#8243; _module_preset=&#8220;default&#8220; global_colors_info=&#8220;{}&#8220;][et_pb_column type=&#8220;4_4&#8243; _builder_version=&#8220;4.27.4&#8243; _module_preset=&#8220;default&#8220; global_colors_info=&#8220;{}&#8220;][et_pb_text _builder_version=&#8220;4.27.4&#8243; _module_preset=&#8220;default&#8220; global_colors_info=&#8220;{}&#8220;]<\/p>\n<h4 style=\"text-align: center;\"><strong>Chalet 49<\/strong><\/h4>\n<p>[\/et_pb_text][et_pb_text _builder_version=&#8220;4.27.4&#8243; _module_preset=&#8220;default&#8220; global_colors_info=&#8220;{}&#8220;]<\/p>\n<div>\n<div class=\"elementToProof\" style=\"font-style: normal; font-variant-caps: normal; font-weight: 400; letter-spacing: normal; text-align: start; text-indent: 0px; text-transform: none; white-space: normal; word-spacing: 0px; -webkit-text-stroke-width: 0px; text-decoration: none; margin-top: 1em; margin-bottom: 1em; font-family: Arial, Helvetica, sans-serif; font-size: 12pt;\">Chalet 49 Nesselgraben\u00a0&#8211; Ferienwohnungen<br \/>Reithstra\u00dfe 49<br \/>5321 Koppl<br \/>Austria<\/div>\n<div class=\"elementToProof\" style=\"font-style: normal; font-variant-caps: normal; font-weight: 400; letter-spacing: normal; text-align: start; text-indent: 0px; text-transform: none; white-space: normal; word-spacing: 0px; -webkit-text-stroke-width: 0px; text-decoration: none; margin-top: 1em; margin-bottom: 1em; font-family: Arial, Helvetica, sans-serif; font-size: 12pt;\"><\/div>\n<div class=\"elementToProof\" style=\"font-style: normal; font-variant-caps: normal; font-weight: 400; letter-spacing: normal; text-align: start; text-indent: 0px; text-transform: none; white-space: normal; word-spacing: 0px; -webkit-text-stroke-width: 0px; text-decoration: none; margin-top: 1em; margin-bottom: 1em; font-family: Arial, Helvetica, sans-serif; font-size: 12pt;\">Email: <a href=\"mailto:chalet49.nesselgraben@gmail.com\">chalet49.nesselgraben@gmail.com<\/a><\/div>\n<\/div>\n<p>[\/et_pb_text][et_pb_text _builder_version=&#8220;4.27.4&#8243; _module_preset=&#8220;default&#8220; global_colors_info=&#8220;{}&#8220;]<\/p>\n<h4><strong>1.Inhalte des Onlineangebots <\/strong><\/h4>\n<p>Der Betreiber \u00fcbernimmt keinerlei Gew\u00e4hr f\u00fcr die Aktualit\u00e4t, Korrektheit, Vollst\u00e4ndigkeit oder Qualit\u00e4t der bereitgestellten Informationen. Haftungsanspr\u00fcche gegen den Betreiber, die sich auf Sch\u00e4den materieller oder ideeller Art beziehen, die durch die Nutzung oder Nichtnutzung der dargebotenen Informationen bzw. durch die Nutzung fehlerhafter und unvollst\u00e4ndiger Informationen verursacht wurden, sind grunds\u00e4tzlich ausgeschlossen, sofern seitens des Betreibers kein nachweislich vors\u00e4tzliches oder grob fahrl\u00e4ssiges Verschulden vorliegt. Alle Angebote sind freibleibend und unverbindlich. Der Betreiber beh\u00e4lt es sich ausdr\u00fccklich vor, Teile der Seiten oder das gesamte Angebot ohne gesonderte Ank\u00fcndigung zu ver\u00e4ndern, zu erg\u00e4nzen, zu l\u00f6schen oder die Ver\u00f6ffentlichung zeitweise oder endg\u00fcltig einzustellen.<\/p>\n<p>&nbsp;<\/p>\n<h4><strong>2.Verweise und Links <\/strong><\/h4>\n<p>Bei direkten oder indirekten Verweisen auf fremde Webseiten (\u201cHyperlinks\u201d), die au\u00dferhalb des Verantwortungsbereiches des Betreibers liegen, w\u00fcrde eine Haftungsverpflichtung ausschlie\u00dflich in dem Fall in Kraft treten, in dem der Betreiber von den Inhalten Kenntnis hat und es ihm technisch m\u00f6glich und zumutbar w\u00e4re, die Nutzung im Falle rechtswidriger Inhalte zu verhindern. Der Betreiber erkl\u00e4rt hiermit ausdr\u00fccklich, dass zum Zeitpunkt der Linksetzung keine illegalen Inhalte auf den zu verlinkenden Seiten erkennbar waren. Auf die aktuelle und zuk\u00fcnftige Gestaltung, die Inhalte oder die Urheberschaft der verlinkten\/verkn\u00fcpften Seiten hat der Betreiber keinerlei Einfluss. Deshalb distanziert er sich hiermit ausdr\u00fccklich von allen Inhalten aller verlinkten\/verkn\u00fcpften Seiten, die nach der Linksetzung ver\u00e4ndert wurden. Diese Feststellung gilt f\u00fcr alle innerhalb des eigenen Internetangebots gesetzten Links und Verweise sowie f\u00fcr Fremdeintr\u00e4ge in vom Betreiber eingerichteten G\u00e4steb\u00fcchern, Diskussionsforen, Linkverzeichnissen, Mailinglisten und in allen anderen Formen von Datenbanken, auf deren Inhalt externe Schreibzugriffe m\u00f6glich sind. F\u00fcr illegale, fehlerhafte oder unvollst\u00e4ndige Inhalte und insbesondere f\u00fcr Sch\u00e4den, die aus der Nutzung oder Nichtnutzung solcherart dargebotener Informationen entstehen, haftet allein der Anbieter der Seite, auf welche verwiesen wurde, nicht derjenige, der \u00fcber Links auf die jeweilige Ver\u00f6ffentlichung lediglich verweist.<\/p>\n<p>&nbsp;<\/p>\n<h4><strong>3.Urheber- und Kennzeichnungsrecht <\/strong><\/h4>\n<p>Der Betreiber ist bestrebt, in allen Publikationen die Urheberrechte der verwendeten Bilder, Grafiken, Tondokumente, Videosequenzen und Texte zu beachten, von ihm selbst erstellte Bilder, Grafiken, Tondokumente, Videosequenzen und Texte zu nutzen oder auf lizenzfreie Grafiken, Tondokumente, Videosequenzen und Texte zur\u00fcckzugreifen. Alle innerhalb des Internetangebots genannten und ggf. durch Dritte gesch\u00fctzten Marken- und Warenzeichen unterliegen uneingeschr\u00e4nkt den Bestimmungen des jeweils g\u00fcltigen Kennzeichenrechts und den Besitzrechten der jeweiligen eingetragenen Eigent\u00fcmer. Allein aufgrund der blo\u00dfen Nennung ist nicht der Schluss zu ziehen, dass Markenzeichen nicht durch Rechte Dritter gesch\u00fctzt sind! Das Copyright f\u00fcr ver\u00f6ffentlichte, vom Betreiber selbst erstellte Objekte bleibt allein beim Betreiber der Seiten. Eine Vervielf\u00e4ltigung oder Verwendung solcher Grafiken, Tondokumente, Videosequenzen und Texte in anderen elektronischen oder gedruckten Publikationen ist ohne ausdr\u00fcckliche Zustimmung des Betreibers nicht gestattet.<\/p>\n<p>&nbsp;<\/p>\n<h4><strong>4.Bildrechte <\/strong><\/h4>\n<p>Die auf dieser Website verwendeten Bilder und Grafiken stammen entweder aus dem <strong>Eigenen Archiv<\/strong> oder wurden von <strong>Shutterstock<\/strong> lizenziert. Alle Bilder sind urheberrechtlich gesch\u00fctzt. Eine Verwendung der Bilder durch Dritte bedarf der ausdr\u00fccklichen Genehmigung des Betreibers oder des jeweiligen Rechteinhabers.<\/p>\n<p>&nbsp;<\/p>\n<h4><strong>5.Datenschutz <\/strong><\/h4>\n<p>Diese Website nutzt verschiedene WordPress-Plugins, darunter WP Go Maps, das OpenStreetMap zur Darstellung interaktiver Karten verwendet. Beim Laden der Karten von OpenStreetMap k\u00f6nnen personenbezogene Daten wie IP-Adressen verarbeitet werden.<\/p>\n<p>OpenStreetMap<sup><a href=\"https:\/\/www.openstreetmap.org\/copyright#trademarks\">\u00ae<\/a><\/sup> sind <i>offene Daten<\/i> (open data), lizenziert unter der <a href=\"https:\/\/opendatacommons.org\/licenses\/odbl\/\">Open Data Commons Open Database-Lizenz<\/a> (ODbL) von der <a href=\"https:\/\/osmfoundation.org\/\">OpenStreetMap Stiftung<\/a> (OSMF).<\/p>\n<p>Weitere Informationen zur Verarbeitung Ihrer personenbezogenen Daten finden Sie in unserer <a rel=\"noreferrer\" href=\"https:\/\/www.dcc-gaenserndorf.at\/?page_id=3\">Datenschutzerkl\u00e4rung<\/a>.<\/p>\n<p>&nbsp;<\/p>\n<h4><strong>6.INFORMATIONEN ZUR ONLINE-STREITBEILEGUNG GEM\u00c4\u00df ART. 14. ABS. 1 ODR-VO <\/strong><\/h4>\n<p>Die EU-Kommission stellt eine Plattform zur Online-Streitbeilegung (OS-Plattform) bereit, die \u00fcber den externen Link <a rel=\"noreferrer noopener\" target=\"_new\" href=\"https:\/\/ec.europa.eu\/consumers\/odr\">ec.europa.eu\/consumers\/odr<\/a> erreichbar ist.<\/p>\n<p>&nbsp;<\/p>\n<h4><strong>7.SOCIAL MEDIA <\/strong><\/h4>\n<p>Unsere Inhalte auf Social Media-Plattformen unterliegen den Nutzungsbedingungen und Datenschutzrichtlinien der jeweiligen Anbieter (z.B. Facebook, YouTube, Twitter).<\/p>\n<p>&nbsp;<\/p>\n<h4><strong>8.JUDIKATIVE <\/strong><\/h4>\n<p>Keine Abmahnung ohne vorherigen Kontakt! Bei m\u00f6glichen Rechtsverletzungen bitten wir um eine schnelle und kostenfreie Nachricht. Wir werden zu Recht beanstandete Inhalte umgehend entfernen oder anpassen.<\/p>\n<p>&nbsp;<\/p>\n<h4><strong>9.Rechtswirksamkeit des Haftungsausschlusses <\/strong><\/h4>\n<p>Dieser Haftungsausschluss ist als Teil des Internetangebotes zu betrachten, von dem aus auf diese Seite verwiesen wurde. Sofern Teile oder einzelne Formulierungen dieses Textes der geltenden Rechtslage nicht, nicht mehr oder nicht vollst\u00e4ndig entsprechen sollten, bleiben die \u00fcbrigen Teile des Dokumentes in ihrem Inhalt und ihrer G\u00fcltigkeit davon unber\u00fchrt.<\/p>\n<p>[\/et_pb_text][\/et_pb_column][\/et_pb_row][\/et_pb_section]<\/p>\n","protected":false},"excerpt":{"rendered":"<p>Impressum Chalet 49 Chalet 49 Nesselgraben\u00a0&#8211; FerienwohnungenReithstra\u00dfe 495321 KopplAustria Email: chalet49.nesselgraben@gmail.com 1.Inhalte des Onlineangebots Der Betreiber \u00fcbernimmt keinerlei Gew\u00e4hr f\u00fcr die Aktualit\u00e4t, Korrektheit, Vollst\u00e4ndigkeit oder Qualit\u00e4t der bereitgestellten Informationen. Haftungsanspr\u00fcche gegen den Betreiber, die sich auf Sch\u00e4den materieller oder ideeller Art beziehen, die durch die Nutzung oder Nichtnutzung der dargebotenen Informationen bzw. durch die Nutzung [&hellip;]<\/p>\n","protected":false},"author":2,"featured_media":0,"parent":0,"menu_order":0,"comment_status":"closed","ping_status":"closed","template":"","meta":{"_et_pb_use_builder":"on","_et_pb_old_content":"","_et_gb_content_width":"","footnotes":""},"class_list":["post-270","page","type-page","status-publish","hentry"],"_links":{"self":[{"href":"https:\/\/www.chalet49.com\/index.php?rest_route=\/wp\/v2\/pages\/270","targetHints":{"allow":["GET"]}}],"collection":[{"href":"https:\/\/www.chalet49.com\/index.php?rest_route=\/wp\/v2\/pages"}],"about":[{"href":"https:\/\/www.chalet49.com\/index.php?rest_route=\/wp\/v2\/types\/page"}],"author":[{"embeddable":true,"href":"https:\/\/www.chalet49.com\/index.php?rest_route=\/wp\/v2\/users\/2"}],"replies":[{"embeddable":true,"href":"https:\/\/www.chalet49.com\/index.php?rest_route=%2Fwp%2Fv2%2Fcomments&post=270"}],"version-history":[{"count":5,"href":"https:\/\/www.chalet49.com\/index.php?rest_route=\/wp\/v2\/pages\/270\/revisions"}],"predecessor-version":[{"id":300,"href":"https:\/\/www.chalet49.com\/index.php?rest_route=\/wp\/v2\/pages\/270\/revisions\/300"}],"wp:attachment":[{"href":"https:\/\/www.chalet49.com\/index.php?rest_route=%2Fwp%2Fv2%2Fmedia&parent=270"}],"curies":[{"name":"wp","href":"https:\/\/api.w.org\/{rel}","templated":true}]}}