{"id":3,"date":"2025-03-24T18:00:29","date_gmt":"2025-03-24T17:00:29","guid":{"rendered":"http:\/\/www.chalet49.com\/?page_id=3"},"modified":"2025-04-22T12:52:48","modified_gmt":"2025-04-22T10:52:48","slug":"datenschutzerklaerung","status":"publish","type":"page","link":"https:\/\/www.chalet49.com\/?page_id=3","title":{"rendered":"Datenschutzerkl\u00e4rung"},"content":{"rendered":"<p>[et_pb_section fb_built=&#8220;1&#8243; _builder_version=&#8220;4.16&#8243; global_colors_info=&#8220;{}&#8220;][et_pb_row _builder_version=&#8220;4.27.4&#8243; _module_preset=&#8220;default&#8220; global_colors_info=&#8220;{}&#8220;][et_pb_column type=&#8220;4_4&#8243; _builder_version=&#8220;4.27.4&#8243; _module_preset=&#8220;default&#8220; global_colors_info=&#8220;{}&#8220;][et_pb_text _builder_version=&#8220;4.27.4&#8243; _module_preset=&#8220;default&#8220; global_colors_info=&#8220;{}&#8220;]<\/p>\n<h1 style=\"text-align: center;\"><strong>Datenschutzerkl\u00e4rung<\/strong><\/h1>\n<p>[\/et_pb_text][\/et_pb_column][\/et_pb_row][et_pb_row _builder_version=&#8220;4.16&#8243; background_size=&#8220;initial&#8220; background_position=&#8220;top_left&#8220; background_repeat=&#8220;repeat&#8220; global_colors_info=&#8220;{}&#8220;][et_pb_column type=&#8220;4_4&#8243; _builder_version=&#8220;4.16&#8243; custom_padding=&#8220;|||&#8220; global_colors_info=&#8220;{}&#8220; custom_padding__hover=&#8220;|||&#8220;][et_pb_text _builder_version=&#8220;4.27.4&#8243; background_size=&#8220;initial&#8220; background_position=&#8220;top_left&#8220; background_repeat=&#8220;repeat&#8220; hover_enabled=&#8220;0&#8243; global_colors_info=&#8220;{}&#8220; sticky_enabled=&#8220;0&#8243;]<\/p>\n<p><!-- divi:heading --><\/p>\n<div class=\"mpcDatenschutzSection\">\n<h3>DATENSCHUTZINFORMATION<\/h3>\n<p>Die\u00a0Datenschutzinformation gem\u00e4\u00df Art. 12ff DSGVO im Rahmen der Schulverwaltung an \u00f6sterreichischen Schulen gem\u00e4\u00df Art. 14 B-VG finden Sie unter:\u00a0<a href=\"https:\/\/bildung.bmbwf.gv.at\/schulen\/datenschutz\/index.html\" target=\"_blank\" title=\"https:\/\/bildung.bmbwf.gv.at\/schulen\/datenschutz\/index.html\" rel=\"noopener\">https:\/\/bildung.bmbwf.gv.at\/schulen\/datenschutz\/index.html<\/a><\/p>\n<h3><\/h3>\n<h3><\/h3>\n<h3>Datenschutz<\/h3>\n<p>Diese Datenschutzinformation basiert auf der DSGVO, die im Mai 2018 in Kraft trat, und regelt das Erfassen und Verwenden pers\u00f6nlicher Daten, die bei einer Kontaktaufnahme erhoben werden k\u00f6nnen. Pers\u00f6nliche Daten, die bei der Kontaktaufnahme \u00fcber Formulare, E-Mail oder andere Wege an uns \u00fcbermittelt werden, dienen der Bearbeitung von Anfragen und werden f\u00fcr eventuelle Anschlussfragen gespeichert.<\/p>\n<p><strong>Zweck der Datenerfassung:<\/strong><br \/>Wir erfassen und verwenden Ihre pers\u00f6nlichen Daten, um Ihnen unsere Dienstleistungen anzubieten und einen exzellenten Kundenservice zu gew\u00e4hrleisten. Sie k\u00f6nnen uns jederzeit mitteilen, wenn Sie keine Informationen \u00fcber neue Entwicklungen oder Angebote erhalten m\u00f6chten.<\/p>\n<p><strong>Erfasste Daten:<\/strong><br \/>In bestimmten Situationen, wie z.B. bei der Nutzung unseres Kontaktformulars, werden pers\u00f6nliche Daten wie Name und E-Mail-Adresse abgefragt, die f\u00fcr die jeweilige Anfrage notwendig sind. Diese Informationen helfen uns, Ihre Anfragen zu bearbeiten und Ihnen bestm\u00f6glichen Service zu bieten.<\/p>\n<p><strong>Weitergabe pers\u00f6nlicher Daten:<\/strong><br \/>Ihre pers\u00f6nlichen Daten werden weder verkauft noch verliehen. Unter bestimmten Umst\u00e4nden k\u00f6nnen wir gesetzlich verpflichtet sein, Ihre Daten offenzulegen.<\/p>\n<p><strong>Schutz der Daten:<\/strong><br \/>Unsere Website verwendet SSL-Verschl\u00fcsselung, um die Vertraulichkeit Ihrer Daten zu gew\u00e4hrleisten. Zus\u00e4tzlich setzen wir interne Sicherheitsma\u00dfnahmen ein, um Ihre Daten vor Verlust, Missbrauch und unbefugtem Zugriff zu sch\u00fctzen. Wir empfehlen auch Ihnen, durch sichere Passw\u00f6rter und den Einsatz von sicheren Browsern zur Sicherheit Ihrer Daten beizutragen.<\/p>\n<p><strong>Cookies und IT-Technologien:<\/strong><br \/>Wie viele Websites verwenden wir Cookies und \u00e4hnliche Technologien, um das Nutzerverhalten auf unserer Website zu analysieren und unsere Dienste zu verbessern. Diese Technologien helfen uns, die Effizienz unserer Werbung zu messen und die Navigation auf unserer Website komfortabler zu gestalten.<strong><\/strong><\/p>\n<p><strong>WordPress-Plugin:<\/strong><br \/>Unsere Website nutzt WordPress als Content-Management-System. F\u00fcr bestimmte Funktionen setzen wir Plugins ein, die ebenfalls Cookies verwenden k\u00f6nnen, um die Funktionalit\u00e4t zu verbessern und das Nutzererlebnis zu optimieren. Diese Plugins sind DSGVO-konform und unterliegen den gleichen strengen Datenschutzrichtlinien wie unsere Website.<\/p>\n<p><strong>Rechte und Widerspruchsrecht:<\/strong><br \/>Sie haben das Recht, Auskunft \u00fcber die von uns verarbeiteten Daten zu erhalten, diese zu berichtigen oder l\u00f6schen zu lassen. \u00c4nderungen an der Datenschutzerkl\u00e4rung werden auf unserer Website ver\u00f6ffentlicht. Zur Wahrnehmung Ihrer Rechte k\u00f6nnen Sie uns jederzeit per E-Mail, Telefon oder Post kontaktieren.<\/p>\n<p>&nbsp;<\/p>\n<\/div>\n<h2><\/h2>\n<h3>Cookies<\/h3>\n<p><strong>Was sind Cookies?<\/strong><br \/>Cookies sind kleine Textdateien, die von einer Website auf Ihrem Ger\u00e4t gespeichert werden. Sie enthalten oft eine eindeutige Cookie-ID, die es erm\u00f6glicht, Ihren Browser bei sp\u00e4teren Besuchen wiederzuerkennen. Cookies helfen uns, nutzerfreundlichere Services anzubieten und die Informationen auf unserer Website zu optimieren.<\/p>\n<p><strong>Kategorien von Cookies:<\/strong><\/p>\n<ol>\n<li><strong>Notwendige Cookies:<\/strong> Sicherstellen grundlegender Website-Funktionen.<\/li>\n<li><strong>Funktionelle Cookies:<\/strong> Gew\u00e4hrleisten bestimmter Website-Leistungen.<\/li>\n<li><strong>Zielorientierte Cookies:<\/strong> Verbessern das Benutzererlebnis.<\/li>\n<\/ol>\n<p><strong>Erhobene Daten bei Websitebesuch:<\/strong><\/p>\n<ul>\n<li>Dateiname der angeforderten Datei (Request)<\/li>\n<li>Browsertyp und -version<\/li>\n<li>Betriebssystem<\/li>\n<li>Bildschirmaufl\u00f6sung<\/li>\n<li>Referrer-URL<\/li>\n<li>IP-Adresse (wird umgehend gel\u00f6scht)<\/li>\n<li>Uhrzeit des Zugriffs<\/li>\n<li>Klicks<\/li>\n<\/ul>\n<p><strong>Session Cookies:<\/strong><br \/>Diese Cookies sind notwendig f\u00fcr die Funktionalit\u00e4t der Website und werden nach Beendigung der Sitzung gel\u00f6scht.<\/p>\n<p><strong>Funktionseinschr\u00e4nkungen ohne Cookies:<\/strong><br \/>Ohne Cookies k\u00f6nnen bestimmte Funktionen der Website, nicht wie erwartet funktionieren.<\/p>\n<p><strong>Verwalten und L\u00f6schen von Cookies:<\/strong><br \/>Cookies k\u00f6nnen jederzeit \u00fcber die Einstellungen Ihres Browsers verwaltet oder gel\u00f6scht werden. Informationen dazu finden Sie in der Browser-Hilfe.<\/p>\n<p>&nbsp;<\/p>\n<h3>Easybooking<\/h3>\n<p>Auf diesen Seiten sind m\u00f6glicherweise Widgets der Firma zadego GmbH (easybooking)<br \/>implementiert.<\/p>\n<p><strong>zadego GmbH<\/strong><br \/><strong>Anton-Melzer Stra\u00dfe 10<\/strong><br \/><strong>6020 Innsbruck<\/strong><br \/><strong>\u00d6sterreich<\/strong><\/p>\n<p>Es handelt sich beim Anbieter um ein PMS System, welches den Anbieter der Hotelsoftware<br \/>des Verantwortlichen darstellt. Bei den Widgets kann es sich &#8211; je nach Tourismusbetrieb &#8211; um<br \/>die Folgenden handeln:<\/p>\n<p>\u2022 Anfrageformular<br \/>\u2022 Buchungsmaske<br \/>\u2022 Small Search (Anfrage, Buchung)<br \/>\u2022 Kategorie Ansicht<br \/>\u2022 Zimmer Ansicht<br \/>\u2022 Pauschalen Widget<br \/>\u2022 Preis\u00fcbersicht<br \/>\u2022 Preisvergleich<br \/>\u2022 Verf\u00fcgbarkeitskalender<br \/>\u2022 Online Check-In<\/p>\n<p>a. Allgemeines<br \/>Um Ihre Anfrage bzw. Buchung bearbeiten zu k\u00f6nnen, ist es erforderlich, dass die von Ihnen<br \/>dem Verantwortlichen bekanntgegebenen Daten verarbeitet werden.<br \/>Der oben genannte Verantwortliche und die zadego GmbH, (beide gemeinsam auch \u201eAnbieter\u201c<br \/>genannt) stehen in einer vertraglich geregelten Gesch\u00e4ftsbeziehung. Der Verantwortliche<br \/>bezieht von der zadego GmbH seine Hotelverwaltungs- bzw. Buchungssoftware.<br \/>Es findet eine \u00dcbertragung der von Ihnen bekanntgegebenen personenbezogenen Daten an<br \/>das Verwaltungssystem und an mit dem Verwaltungssystem in Gesch\u00e4ftsbeziehungen<br \/>stehende Unternehmen statt. Diese \u00dcbertragung erfolgt insbesondere an o.g. Vermieter, ggfs.<br \/>auch an Tourismusverb\u00e4nde, Meldewesen Provider, Zahlungsanbietern und andere<br \/>Unternehmen, die an Verwaltungssystem und\/oder Vermieter angebunden sind und zur<br \/>Erf\u00fcllung nachvertraglicher Pflichten herangezogen werden m\u00fcssen.<br \/>Die Verwendung von personenbezogenen Daten durch die Anbieter richtet sich nach den<br \/>geltenden gesetzlichen Bestimmungen sowie der durch Sie erteilten Zustimmung zur<br \/>Verwendung Ihrer Daten.<\/p>\n<p>b. Erhebung von Daten<br \/>Im Rahmen einer Anfrage bzw. Buchung beim Tourismusbetrieb geben Sie zur Durchf\u00fchrung<br \/>derselben hierf\u00fcr relevante Daten bekannt. Hierbei handelt es sich in aller Regel um die<br \/>Folgenden:<\/p>\n<p>\u2022 Vor- und Nachname<br \/>\u2022 E-Mail-Adresse<br \/>\u2022 Adresse<br \/>\u2022 Telefon<br \/>\u2022 Zahlungsdaten (Bankverbindung, Kreditkartendaten)<br \/>\u2022 Geburtsdaten (zur Identifizierung von Kindern)<br \/>Diese Daten werden nur, soweit dies gesetzlich erlaubt ist, und nur mit Ihrer Zustimmung und<br \/>durch Ihre aktive Mitwirkung erhoben. Soweit die Zustimmung im Rahmen der Leistungen<br \/>elektronisch erkl\u00e4rt wird, wird den gesetzlichen Hinweispflichten Rechnung getragen und<br \/>diese Zustimmung durch geeignete technische Systeme protokolliert.<\/p>\n<p>c. Zweck dieser Datenverarbeitung<br \/>Der Verantwortliche wird Ihre personenbezogenen Daten in diesem Zusammenhang zu<br \/>folgenden Zwecken verarbeiten:<\/p>\n<p>\u2022 Angebotslegung<br \/>\u2022 Online Check-In<br \/>\u2022 Erf\u00fcllung Meldepflichten<br \/>\u2022 Zahlungsabwicklung<br \/>\u2022 Rechnungslegung<\/p>\n<p>Erfolgt in einem dieser Widgets eine Eingabe von personenbezogenen Daten (Kontaktdaten,<br \/>E-Mail, Daten des Wunschaufenthaltes in unserem Haus), erfolgt dies stets auf freiwilliger<br \/>Basis und nur zu dem Zwecke, Ihrem Aufenthaltswunsch ein entsprechendes Angebot<br \/>unterbreiten zu k\u00f6nnen.<br \/>Kommt kein Vertragsverh\u00e4ltnis zwischen den Parteien zustande (es kommt also zu keinem<br \/>Aufenthalt im Betrieb des Verantwortlichen), werden die Daten der betroffenen Person<br \/>umgehend automatisiert aus den Systemen gel\u00f6scht. Im Einzelfall sind gesetzliche<br \/>Aufbewahrungs- und L\u00f6schfristen zu beachten.<\/p>\n<p><!-- \/divi:paragraph --><\/p>\n<p>[\/et_pb_text][\/et_pb_column][\/et_pb_row][\/et_pb_section]<\/p>\n","protected":false},"excerpt":{"rendered":"<p>Datenschutzerkl\u00e4rung DATENSCHUTZINFORMATION Die\u00a0Datenschutzinformation gem\u00e4\u00df Art. 12ff DSGVO im Rahmen der Schulverwaltung an \u00f6sterreichischen Schulen gem\u00e4\u00df Art. 14 B-VG finden Sie unter:\u00a0https:\/\/bildung.bmbwf.gv.at\/schulen\/datenschutz\/index.html Datenschutz Diese Datenschutzinformation basiert auf der DSGVO, die im Mai 2018 in Kraft trat, und regelt das Erfassen und Verwenden pers\u00f6nlicher Daten, die bei einer Kontaktaufnahme erhoben werden k\u00f6nnen. Pers\u00f6nliche Daten, die bei der [&hellip;]<\/p>\n","protected":false},"author":1,"featured_media":0,"parent":0,"menu_order":0,"comment_status":"closed","ping_status":"open","template":"","meta":{"_et_pb_use_builder":"on","_et_pb_old_content":"<!-- wp:heading -->\n<h2 class=\"wp-block-heading\">Wer wir sind<\/h2>\n<!-- \/wp:heading -->\n<!-- wp:paragraph -->\n<p><strong class=\"privacy-policy-tutorial\">Textvorschlag: <\/strong>Die Adresse unserer Website ist: https:\/\/www.chalet49.com.<\/p>\n<!-- \/wp:paragraph -->\n<!-- wp:heading -->\n<h2 class=\"wp-block-heading\">Kommentare<\/h2>\n<!-- \/wp:heading -->\n<!-- wp:paragraph -->\n<p><strong class=\"privacy-policy-tutorial\">Textvorschlag: <\/strong>Wenn Besucher Kommentare auf der Website schreiben, sammeln wir die Daten, die im Kommentar-Formular angezeigt werden, au\u00dferdem die IP-Adresse des Besuchers und den User-Agent-String (damit wird der Browser identifiziert), um die Erkennung von Spam zu unterst\u00fctzen.<\/p>\n<!-- \/wp:paragraph -->\n<!-- wp:paragraph -->\n<p>Aus deiner E-Mail-Adresse kann eine anonymisierte Zeichenfolge erstellt (auch Hash genannt) und dem Gravatar-Dienst \u00fcbergeben werden, um zu pr\u00fcfen, ob du diesen benutzt. Die Datenschutzerkl\u00e4rung des Gravatar-Dienstes findest du hier: https:\/\/automattic.com\/privacy\/. Nachdem dein Kommentar freigegeben wurde, ist dein Profilbild \u00f6ffentlich im Kontext deines Kommentars sichtbar.<\/p>\n<!-- \/wp:paragraph -->\n<!-- wp:heading -->\n<h2 class=\"wp-block-heading\">Medien<\/h2>\n<!-- \/wp:heading -->\n<!-- wp:paragraph -->\n<p><strong class=\"privacy-policy-tutorial\">Textvorschlag: <\/strong>Wenn du ein registrierter Benutzer bist und Fotos auf diese Website l\u00e4dst, solltest du vermeiden, Fotos mit einem EXIF-GPS-Standort hochzuladen. Besucher dieser Website k\u00f6nnten Fotos, die auf dieser Website gespeichert sind, herunterladen und deren Standort-Informationen extrahieren.<\/p>\n<!-- \/wp:paragraph -->\n<!-- wp:heading -->\n<h2 class=\"wp-block-heading\">Cookies<\/h2>\n<!-- \/wp:heading -->\n<!-- wp:paragraph -->\n<p><strong class=\"privacy-policy-tutorial\">Textvorschlag: <\/strong>Wenn du einen Kommentar auf unserer Website schreibst, kann das eine Einwilligung sein, deinen Namen, E-Mail-Adresse und Website in Cookies zu speichern. Dies ist eine Komfortfunktion, damit du nicht, wenn du einen weiteren Kommentar schreibst, all diese Daten erneut eingeben musst. Diese Cookies werden ein Jahr lang gespeichert.<\/p>\n<!-- \/wp:paragraph -->\n<!-- wp:paragraph -->\n<p>Falls du ein Konto hast und dich auf dieser Website anmeldest, werden wir ein tempor\u00e4res Cookie setzen, um festzustellen, ob dein Browser Cookies akzeptiert. Dieses Cookie enth\u00e4lt keine personenbezogenen Daten und wird verworfen, wenn du deinen Browser schlie\u00dft.<\/p>\n<!-- \/wp:paragraph -->\n<!-- wp:paragraph -->\n<p>Wenn du dich anmeldest, werden wir einige Cookies einrichten, um deine Anmeldeinformationen und Anzeigeoptionen zu speichern. Anmelde-Cookies verfallen nach zwei Tagen und Cookies f\u00fcr die Anzeigeoptionen nach einem Jahr. Falls du bei der Anmeldung \u201eAngemeldet bleiben\u201c ausw\u00e4hlst, wird deine Anmeldung zwei Wochen lang aufrechterhalten. Mit der Abmeldung aus deinem Konto werden die Anmelde-Cookies gel\u00f6scht.<\/p>\n<!-- \/wp:paragraph -->\n<!-- wp:paragraph -->\n<p>Wenn du einen Artikel bearbeitest oder ver\u00f6ffentlichst, wird ein zus\u00e4tzlicher Cookie in deinem Browser gespeichert. Dieser Cookie enth\u00e4lt keine personenbezogenen Daten und verweist nur auf die Beitrags-ID des Artikels, den du gerade bearbeitet hast. Der Cookie verf\u00e4llt nach einem Tag.<\/p>\n<!-- \/wp:paragraph -->\n<!-- wp:heading -->\n<h2 class=\"wp-block-heading\">Eingebettete Inhalte von anderen Websites<\/h2>\n<!-- \/wp:heading -->\n<!-- wp:paragraph -->\n<p><strong class=\"privacy-policy-tutorial\">Textvorschlag: <\/strong>Beitr\u00e4ge auf dieser Website k\u00f6nnen eingebettete Inhalte beinhalten (z.\u00a0B. Videos, Bilder, Beitr\u00e4ge etc.). Eingebettete Inhalte von anderen Websites verhalten sich exakt so, als ob der Besucher die andere Website besucht h\u00e4tte.<\/p>\n<!-- \/wp:paragraph -->\n<!-- wp:paragraph -->\n<p>Diese Websites k\u00f6nnen Daten \u00fcber dich sammeln, Cookies benutzen, zus\u00e4tzliche Tracking-Dienste von Dritten einbetten und deine Interaktion mit diesem eingebetteten Inhalt aufzeichnen, inklusive deiner Interaktion mit dem eingebetteten Inhalt, falls du ein Konto hast und auf dieser Website angemeldet bist.<\/p>\n<!-- \/wp:paragraph -->\n<!-- wp:heading -->\n<h2 class=\"wp-block-heading\">Mit wem wir deine Daten teilen<\/h2>\n<!-- \/wp:heading -->\n<!-- wp:paragraph -->\n<p><strong class=\"privacy-policy-tutorial\">Textvorschlag: <\/strong>Wenn du eine Zur\u00fccksetzung des Passworts beantragst, wird deine IP-Adresse in der E-Mail zur Zur\u00fccksetzung enthalten sein.<\/p>\n<!-- \/wp:paragraph -->\n<!-- wp:heading -->\n<h2 class=\"wp-block-heading\">Wie lange wir deine Daten speichern<\/h2>\n<!-- \/wp:heading -->\n<!-- wp:paragraph -->\n<p><strong class=\"privacy-policy-tutorial\">Textvorschlag: <\/strong>Wenn du einen Kommentar schreibst, wird dieser inklusive Metadaten zeitlich unbegrenzt gespeichert. Auf diese Art k\u00f6nnen wir Folgekommentare automatisch erkennen und freigeben, anstatt sie in einer Moderations-Warteschlange festzuhalten.<\/p>\n<!-- \/wp:paragraph -->\n<!-- wp:paragraph -->\n<p>F\u00fcr Benutzer, die sich auf unserer Website registrieren, speichern wir zus\u00e4tzlich die pers\u00f6nlichen Informationen, die sie in ihren Benutzerprofilen angeben. Alle Benutzer k\u00f6nnen jederzeit ihre pers\u00f6nlichen Informationen einsehen, ver\u00e4ndern oder l\u00f6schen (der Benutzername kann nicht ver\u00e4ndert werden). Administratoren der Website k\u00f6nnen diese Informationen ebenfalls einsehen und ver\u00e4ndern.<\/p>\n<!-- \/wp:paragraph -->\n<!-- wp:heading -->\n<h2 class=\"wp-block-heading\">Welche Rechte du an deinen Daten hast<\/h2>\n<!-- \/wp:heading -->\n<!-- wp:paragraph -->\n<p><strong class=\"privacy-policy-tutorial\">Textvorschlag: <\/strong>Wenn du ein Konto auf dieser Website besitzt oder Kommentare geschrieben hast, kannst du einen Export deiner personenbezogenen Daten bei uns anfordern, inklusive aller Daten, die du uns mitgeteilt hast. Dar\u00fcber hinaus kannst du die L\u00f6schung aller personenbezogenen Daten, die wir von dir gespeichert haben, anfordern. Dies umfasst nicht die Daten, die wir aufgrund administrativer, rechtlicher oder sicherheitsrelevanter Notwendigkeiten aufbewahren m\u00fcssen.<\/p>\n<!-- \/wp:paragraph -->\n<!-- wp:heading -->\n<h2 class=\"wp-block-heading\">Wohin deine Daten gesendet werden<\/h2>\n<!-- \/wp:heading -->\n<!-- wp:paragraph -->\n<p><strong class=\"privacy-policy-tutorial\">Textvorschlag: <\/strong>Besucher-Kommentare k\u00f6nnten von einem automatisierten Dienst zur Spam-Erkennung untersucht werden.<\/p>\n<!-- \/wp:paragraph -->\n","_et_gb_content_width":"","footnotes":""},"class_list":["post-3","page","type-page","status-publish","hentry"],"_links":{"self":[{"href":"https:\/\/www.chalet49.com\/index.php?rest_route=\/wp\/v2\/pages\/3","targetHints":{"allow":["GET"]}}],"collection":[{"href":"https:\/\/www.chalet49.com\/index.php?rest_route=\/wp\/v2\/pages"}],"about":[{"href":"https:\/\/www.chalet49.com\/index.php?rest_route=\/wp\/v2\/types\/page"}],"author":[{"embeddable":true,"href":"https:\/\/www.chalet49.com\/index.php?rest_route=\/wp\/v2\/users\/1"}],"replies":[{"embeddable":true,"href":"https:\/\/www.chalet49.com\/index.php?rest_route=%2Fwp%2Fv2%2Fcomments&post=3"}],"version-history":[{"count":5,"href":"https:\/\/www.chalet49.com\/index.php?rest_route=\/wp\/v2\/pages\/3\/revisions"}],"predecessor-version":[{"id":343,"href":"https:\/\/www.chalet49.com\/index.php?rest_route=\/wp\/v2\/pages\/3\/revisions\/343"}],"wp:attachment":[{"href":"https:\/\/www.chalet49.com\/index.php?rest_route=%2Fwp%2Fv2%2Fmedia&parent=3"}],"curies":[{"name":"wp","href":"https:\/\/api.w.org\/{rel}","templated":true}]}}